{"id":287,"date":"2020-02-29T13:02:21","date_gmt":"2020-02-29T12:02:21","guid":{"rendered":"https:\/\/ldceisj.cluster028.hosting.ovh.net\/wp\/?page_id=287"},"modified":"2024-01-05T19:55:16","modified_gmt":"2024-01-05T18:55:16","slug":"tarifs","status":"publish","type":"page","link":"https:\/\/www.chateau-de-pintray.com\/chambre-hote-amboise-lussault\/tarifs\/","title":{"rendered":"Tarifs"},"content":{"rendered":"\n<section class=\"wp-block-uagb-columns uagb-columns__wrap uagb-columns__background-undefined uagb-columns__stack-mobile uagb-columns__valign-undefined uagb-columns__gap-10 alignundefined uagb-block-b63d9f8a\"><div class=\"uagb-columns__overlay\"><\/div><div class=\"uagb-columns__shape uagb-columns__shape-top\"><svg xmlns=\"http:\/\/www.w3.org\/2000\/svg\" viewBox=\"0 0 1000 20\" preserveAspectRatio=\"none\"><path class=\"uagb-columns__shape-fill\" d=\"M0,0v3c0,0,393.8,0,483.4,0c9.2,0,16.6,7.4,16.6,16.6c0-9.1,7.4-16.6,16.6-16.6C606.2,3,1000,3,1000,3V0H0z\"><\/path><\/svg><\/div><div class=\"uagb-columns__inner-wrap uagb-columns__columns-2\">\n<div class=\"wp-block-uagb-column uagb-column__wrap uagb-column__background-undefined uagb-block-08b834e2\"><div class=\"uagb-column__overlay\"><\/div><div class=\"uagb-column__inner-wrap\"><\/div><\/div>\n\n\n\n<div class=\"wp-block-uagb-column uagb-column__wrap uagb-column__background-undefined uagb-block-3532f142\"><div class=\"uagb-column__overlay\"><\/div><div class=\"uagb-column__inner-wrap\"><\/div><\/div>\n<\/div><\/section>\n\n\n\n<section class=\"wp-block-uagb-columns uagb-columns__wrap uagb-columns__background-none uagb-columns__stack-mobile uagb-columns__valign-top uagb-columns__gap-10 alignundefined uagb-block-27eb3c60\"><div class=\"uagb-columns__overlay\"><\/div><div class=\"uagb-columns__inner-wrap uagb-columns__columns-2\">\n<div class=\"wp-block-uagb-column uagb-column__wrap uagb-column__background-undefined uagb-block-f5960253\"><div class=\"uagb-column__overlay\"><\/div><div class=\"uagb-column__inner-wrap\">\n<p><\/p>\n\n\n\n<figure class=\"wp-block-image alignfull size-large\"><img loading=\"lazy\" decoding=\"async\" width=\"640\" height=\"480\" src=\"https:\/\/test.chateau-de-pintray.com\/wp-content\/uploads\/2020\/02\/pintray3.jpg\" alt=\"Chambre d'h\u00f4tes Amboise\" class=\"wp-image-215\" srcset=\"https:\/\/www.chateau-de-pintray.com\/wp-content\/uploads\/2020\/02\/pintray3.jpg 640w, https:\/\/www.chateau-de-pintray.com\/wp-content\/uploads\/2020\/02\/pintray3-300x225.jpg 300w\" sizes=\"(max-width: 640px) 100vw, 640px\" \/><\/figure>\n<\/div><\/div>\n\n\n\n<div class=\"wp-block-uagb-column uagb-column__wrap uagb-column__background-undefined uagb-block-d6dc8ad1\"><div class=\"uagb-column__overlay\"><\/div><div class=\"uagb-column__inner-wrap\">\n<div class=\"uagb-rest_menu__outer-wrap uagb-block-24a914bc\"><div class=\"uagb-rest_menu__wrap  uagb-rm__align-left uagb-rm__desk-column-1 uagb-rm__tablet-column-2 uagb-rm__mobile-column-1 \"><div class=\"uagb-rm__content\"><div class=\"uagb-rm__text-wrap\"><div class=\"uagb-rm-details\"><div class=\"uagb-rm__title-wrap\"><h4 class=\"uagb-rm__title\">1 personne<\/h4><div class=\"uagb-rest-menu-text-wrap\"><div class=\"uagb-rm__desc\">Chambre double<\/div><\/div><\/div><div class=\"uagb-rm__price-wrap\"><span class=\"uagb-rm__price\">105 \u20ac<\/span><\/div><\/div><\/div><\/div><div class=\"uagb-rm__separator-parent\"><div class=\"uagb-rm__separator\"><\/div><\/div><\/div><div class=\"uagb-rest_menu__wrap  uagb-rm__align-left uagb-rm__desk-column-1 uagb-rm__tablet-column-2 uagb-rm__mobile-column-1 \"><div class=\"uagb-rm__content\"><div class=\"uagb-rm__text-wrap\"><div class=\"uagb-rm-details\"><div class=\"uagb-rm__title-wrap\"><h4 class=\"uagb-rm__title\">2 personnes<\/h4><div class=\"uagb-rest-menu-text-wrap\"><div class=\"uagb-rm__desc\">Chambre double<\/div><\/div><\/div><div class=\"uagb-rm__price-wrap\"><span class=\"uagb-rm__price\">120 \u20ac<\/span><\/div><\/div><\/div><\/div><div class=\"uagb-rm__separator-parent\"><div class=\"uagb-rm__separator\"><\/div><\/div><\/div><div class=\"uagb-rest_menu__wrap  uagb-rm__align-left uagb-rm__desk-column-1 uagb-rm__tablet-column-2 uagb-rm__mobile-column-1 \"><div class=\"uagb-rm__content\"><div class=\"uagb-rm__text-wrap\"><div class=\"uagb-rm-details\"><div class=\"uagb-rm__title-wrap\"><h4 class=\"uagb-rm__title\">3 personnes<\/h4><div class=\"uagb-rest-menu-text-wrap\"><div class=\"uagb-rm__desc\">Suite familiale<\/div><\/div><\/div><div class=\"uagb-rm__price-wrap\"><span class=\"uagb-rm__price\">145 \u20ac<\/span><\/div><\/div><\/div><\/div><div class=\"uagb-rm__separator-parent\"><div class=\"uagb-rm__separator\"><\/div><\/div><\/div><div class=\"uagb-rest_menu__wrap  uagb-rm__align-left uagb-rm__desk-column-1 uagb-rm__tablet-column-2 uagb-rm__mobile-column-1 \"><div class=\"uagb-rm__content\"><div class=\"uagb-rm__text-wrap\"><div class=\"uagb-rm-details\"><div class=\"uagb-rm__title-wrap\"><h4 class=\"uagb-rm__title\">4 personnes<\/h4><div class=\"uagb-rest-menu-text-wrap\"><div class=\"uagb-rm__desc\">Suite familiale<\/div><\/div><\/div><div class=\"uagb-rm__price-wrap\"><span class=\"uagb-rm__price\">170 \u20ac<\/span><\/div><\/div><\/div><\/div><div class=\"uagb-rm__separator-parent\"><div class=\"uagb-rm__separator\"><\/div><\/div><\/div><div class=\"uagb-rest_menu__wrap  uagb-rm__align-left uagb-rm__desk-column-1 uagb-rm__tablet-column-2 uagb-rm__mobile-column-1 \"><div class=\"uagb-rm__content\"><div class=\"uagb-rm__text-wrap\"><div class=\"uagb-rm-details\"><div class=\"uagb-rm__title-wrap\"><h4 class=\"uagb-rm__title\"> Personne suppl\u00e9mentaire<\/h4><div class=\"uagb-rest-menu-text-wrap\"><div class=\"uagb-rm__desc\"><\/div><\/div><\/div><div class=\"uagb-rm__price-wrap\"><span class=\"uagb-rm__price\">25 \u20ac<\/span><\/div><\/div><\/div><\/div><div class=\"uagb-rm__separator-parent\"><div class=\"uagb-rm__separator\"><\/div><\/div><\/div><\/div>\n\n\n\n<div style=\"height:40px\" aria-hidden=\"true\" class=\"wp-block-spacer\"><\/div>\n<\/div><\/div>\n<\/div><\/section>\n\n\n\n<div style=\"height:50px\" aria-hidden=\"true\" class=\"wp-block-spacer\"><\/div>\n\n\n\n<section class=\"wp-block-uagb-section uagb-section__wrap uagb-section__background-undefined uagb-block-48d98807\"><div class=\"uagb-section__overlay\"><\/div><div class=\"uagb-section__inner-wrap\">\n<p class=\"has-text-align-center\"><strong>Nous vous attendons entre 16h00 et 19h00. Vous pouvez nous appeler pour un horaire diff\u00e9rent.<\/strong><\/p>\n\n\n\n<p class=\"has-text-align-center\">Les petits d\u00e9jeuners sont inclus dans le prix.<\/p>\n\n\n\n<p class=\"has-text-align-center\">Taxe de s\u00e9jour : 0,80\u20ac \/ nuit \/ personne<br><br>R\u00e9duction de 10% \u00e0 partir de 4 nuits.<br>Gratuit pour les enfants de moins de 2 ans.<br><br>Cartes bancaires : Visa &#8211; Mastercard &#8211; Carte bleue<br><br>Animaux non accept\u00e9  <\/p>\n<\/div><\/section>\n\n\n\n<div style=\"height:50px\" aria-hidden=\"true\" class=\"wp-block-spacer\"><\/div>\n\n\n\n<div class=\"wp-block-uagb-advanced-heading uagb-block-8bd8a9a5\"><h2 class=\"uagb-heading-text\">R\u00e9server votre s\u00e9jour<\/h2><div class=\"uagb-separator-wrap\"><div class=\"uagb-separator\"><\/div><\/div><p class=\"uagb-desc-text\">Moteur de r\u00e9servation s\u00e9curis\u00e9, sans commission<\/p><\/div>\n\n\n\n<div style=\"height:20px\" aria-hidden=\"true\" class=\"wp-block-spacer\"><\/div>\n\n\n\n<div \n\tid=\"eviivo-booking-form-1\" \n\tclass=\"eviivo-booking-form eviivo-booking-form-no-style eviivo-booking-form-layout-landscape eviivo-booking-form-theme-custom\"\n       \n        style=\"max-width:600px; margin:auto; \"\n\n\tdata-calendar-i18n=\"{&quot;previousMonth&quot;:&quot;Previous Month&quot;,&quot;nextMonth&quot;:&quot;Next Month&quot;,&quot;months&quot;:[&quot;January&quot;,&quot;February&quot;,&quot;March&quot;,&quot;April&quot;,&quot;May&quot;,&quot;June&quot;,&quot;July&quot;,&quot;August&quot;,&quot;September&quot;,&quot;October&quot;,&quot;November&quot;,&quot;December&quot;],&quot;weekdays&quot;:[&quot;Sunday&quot;,&quot;Monday&quot;,&quot;Tuesday&quot;,&quot;Wednesday&quot;,&quot;Thursday&quot;,&quot;Friday&quot;,&quot;Saturday&quot;],&quot;weekdaysShort&quot;:[&quot;Sun&quot;,&quot;Mon&quot;,&quot;Tue&quot;,&quot;Wed&quot;,&quot;Thu&quot;,&quot;Fri&quot;,&quot;Sat&quot;]}\"\n\tstyle=\"color: #444444;font-size: 14px;\"\n\t>\n\t<form \n\t\taction=\"https:\/\/via.eviivo.com\/fr-FR\/ChateaudePintray37400#mod-results\" \n\t\tmethod=\"get\"\n\t\ttarget=\"_blank\"\n\t\t>\n\t\t<div class=\"eviivo-input-row eviivo-input-checkin\">\n\t\t\t<label class=\"eviivo-input-label\" for=\"eviivo-booking-form-1-startdate\">Arriv\u00e9e<\/label>\n\t\t\t<input class=\"eviivo-input-date\" type=\"text\" id=\"eviivo-booking-form-1-startdate\" name=\"startdate\" value=\"2020-02-02\" data-date=\"1580642869\" \/>\n\t\t<\/div>\n\n\t\t<div class=\"eviivo-input-row eviivo-input-checkout\">\n\t\t\t<label class=\"eviivo-input-label\" for=\"eviivo-booking-form-1-enddate\">D\u00e9part<\/label>\n\t\t\t<input \n\t\t\t\ttype=\"text\" \n\t\t\t\tclass=\"eviivo-input-date\" \n\t\t\t\tname=\"enddate\" \n\t\t\t\tid=\"eviivo-booking-form-1-enddate\" \n\t\t\t\tvalue=\"1970-01-01\" \n\t\t\t\tdata-date=\"\" \n\t\t\t\tdata-eviivo-checkout-type=\"relative_to_checkin_date\" \n\t\t\t\tdata-eviivo-checkout-days=\"1\" \n\t\t\t\t\/>\n\t\t<\/div>\n\n\t\t<div class=\"eviivo-rooms-selector\">\n\t\t\t<div class=\"eviivo-input-row eviivo-input-rooms\" style=\"color: #444444;background-color:#eee;font-size: 14px;\">\n\t\t\t\t<label class=\"eviivo-input-label\" for=\"eviivo-booking-form-1-rooms\">Chambres<\/label>\n\t\t\t\t<select class=\"eviivo-room-select eviivo-input-select\" id=\"eviivo-booking-form-1-rooms\">\n\t\t\t\t\t<option selected=\"selected\" value=\"1\">1<\/option><option value=\"2\">2<\/option><option value=\"3\">3<\/option><option value=\"4\">4<\/option><option value=\"5\">5<\/option>\t\t\t\t<\/select>\n\t\t\t<\/div>\n\n\t\t\t<div class=\"eviivo-input-row eviivo-rooms\">\n\t\t\t\t<div class=\"eviivo-room\" style=\"color: #444444;background-color:#eee;font-size: 14px;\">\n\t\t\t\t\t<div class=\"eviivo-room-label\" data-label-format=\"Chambre #%d\">\n\t\t\t\t\t\tChambre #1\t\t\t\t\t<\/div>\n\t\t\t\t\t<div class=\"eviivo-adults\">\n\t\t\t\t\t\t<label class=\"eviivo-input-label\"  for=\"eviivo-booking-form-1-adult-1\">Adultes<\/label>\n\t\t\t\t\t\t<select name=\"adults1\" class=\"eviivo-room-adults eviivo-input-select\" id=\"eviivo-booking-form-1-adult-1\">\n\t\t\t\t\t\t\t<option value=\"0\">0<\/option><option value=\"1\">1<\/option><option selected=\"selected\" value=\"2\">2<\/option><option value=\"3\">3<\/option><option value=\"4\">4<\/option><option value=\"5\">5<\/option>\t\t\t\t\t\t<\/select>\n\t\t\t\t\t<\/div>\n\n\t\t\t\t\t<div class=\"eviivo-children\">\n\t\t\t\t\t\t<label class=\"eviivo-input-label\"  for=\"eviivo-booking-form-1-child-1\">Enfants<\/label>\n\t\t\t\t\t\t<select name=\"children1\" class=\"eviivo-room-children eviivo-input-select\" id=\"eviivo-booking-form-1-child-1\">\n\t\t\t\t\t\t\t<option selected=\"selected\" value=\"0\">0<\/option><option value=\"1\">1<\/option><option value=\"2\">2<\/option><option value=\"3\">3<\/option><option value=\"4\">4<\/option>\t\t\t\t\t\t<\/select>\n\t\t\t\t\t<\/div>\n\t\t\t\t<\/div>\n\t\t\t<\/div>\n\t\t<\/div>\n\n\t\t<button type=\"submit\" style=\"font-size: 14px;color: #ffffff;background-color: #44a0bf;\" class=\"eviivo-button-primary\">AFFICHER LES PRIX<\/button>\n\n\t<\/form>\n<\/div>\n\n\n\n<p><\/p>\n","protected":false},"excerpt":{"rendered":"<p>Arriv\u00e9e D\u00e9part Chambres 12345 Chambre #1 Adultes 012345 Enfants 01234 AFFICHER LES PRIX<\/p>\n","protected":false},"author":1,"featured_media":0,"parent":0,"menu_order":0,"comment_status":"closed","ping_status":"closed","template":"","meta":{"footnotes":""},"uagb_featured_image_src":{"full":false,"thumbnail":false,"medium":false,"medium_large":false,"large":false,"xl":false,"xxl":false,"xxxl":false,"xxxxl":false,"xxxxxl":false,"1536x1536":false,"2048x2048":false},"uagb_author_info":{"display_name":"Pintray","author_link":"https:\/\/www.chateau-de-pintray.com\/chambre-hote-amboise-lussault\/author\/qap\/"},"uagb_comment_info":0,"uagb_excerpt":"Arriv\u00e9e D\u00e9part Chambres 12345 Chambre #1 Adultes 012345 Enfants 01234 AFFICHER LES PRIX","yoast_head":"<!-- This site is optimized with the Yoast SEO plugin v14.9 - https:\/\/yoast.com\/wordpress\/plugins\/seo\/ -->\n<title>Tarifs - Le Ch\u00e2teau de Pintray<\/title>\n<meta name=\"robots\" content=\"index, follow, max-snippet:-1, max-image-preview:large, max-video-preview:-1\" \/>\n<link rel=\"canonical\" href=\"https:\/\/www.chateau-de-pintray.com\/chambre-hote-amboise-lussault\/tarifs\/\" \/>\n<meta property=\"og:locale\" content=\"fr_FR\" \/>\n<meta property=\"og:type\" content=\"article\" \/>\n<meta property=\"og:title\" content=\"Tarifs - Le Ch\u00e2teau de Pintray\" \/>\n<meta property=\"og:description\" content=\"Arriv\u00e9e D\u00e9part Chambres 12345 Chambre #1 Adultes 012345 Enfants 01234 AFFICHER LES PRIX\" \/>\n<meta property=\"og:url\" content=\"https:\/\/www.chateau-de-pintray.com\/chambre-hote-amboise-lussault\/tarifs\/\" \/>\n<meta property=\"og:site_name\" content=\"Le Ch\u00e2teau de Pintray\" \/>\n<meta property=\"article:modified_time\" content=\"2024-01-05T18:55:16+00:00\" \/>\n<meta property=\"og:image\" content=\"https:\/\/test.chateau-de-pintray.com\/wp-content\/uploads\/2020\/02\/pintray3.jpg\" \/>\n<meta name=\"twitter:card\" content=\"summary_large_image\" \/>\n<script type=\"application\/ld+json\" class=\"yoast-schema-graph\">{\"@context\":\"https:\/\/schema.org\",\"@graph\":[{\"@type\":\"WebSite\",\"@id\":\"https:\/\/www.chateau-de-pintray.com\/chambre-hote-amboise-lussault\/#website\",\"url\":\"https:\/\/www.chateau-de-pintray.com\/chambre-hote-amboise-lussault\/\",\"name\":\"Le Ch\\u00e2teau de Pintray\",\"description\":\"Chambres d&#039;h\\u00f4tes \\u00e0 Lussault sur Loire - Amboise\",\"potentialAction\":[{\"@type\":\"SearchAction\",\"target\":\"https:\/\/www.chateau-de-pintray.com\/chambre-hote-amboise-lussault\/?s={search_term_string}\",\"query-input\":\"required name=search_term_string\"}],\"inLanguage\":\"fr-FR\"},{\"@type\":\"ImageObject\",\"@id\":\"https:\/\/www.chateau-de-pintray.com\/chambre-hote-amboise-lussault\/tarifs\/#primaryimage\",\"inLanguage\":\"fr-FR\",\"url\":\"https:\/\/test.chateau-de-pintray.com\/wp-content\/uploads\/2020\/02\/pintray3.jpg\"},{\"@type\":\"WebPage\",\"@id\":\"https:\/\/www.chateau-de-pintray.com\/chambre-hote-amboise-lussault\/tarifs\/#webpage\",\"url\":\"https:\/\/www.chateau-de-pintray.com\/chambre-hote-amboise-lussault\/tarifs\/\",\"name\":\"Tarifs - Le Ch\\u00e2teau de Pintray\",\"isPartOf\":{\"@id\":\"https:\/\/www.chateau-de-pintray.com\/chambre-hote-amboise-lussault\/#website\"},\"primaryImageOfPage\":{\"@id\":\"https:\/\/www.chateau-de-pintray.com\/chambre-hote-amboise-lussault\/tarifs\/#primaryimage\"},\"datePublished\":\"2020-02-29T12:02:21+00:00\",\"dateModified\":\"2024-01-05T18:55:16+00:00\",\"inLanguage\":\"fr-FR\",\"potentialAction\":[{\"@type\":\"ReadAction\",\"target\":[\"https:\/\/www.chateau-de-pintray.com\/chambre-hote-amboise-lussault\/tarifs\/\"]}]}]}<\/script>\n<!-- \/ Yoast SEO plugin. -->","_links":{"self":[{"href":"https:\/\/www.chateau-de-pintray.com\/chambre-hote-amboise-lussault\/wp-json\/wp\/v2\/pages\/287"}],"collection":[{"href":"https:\/\/www.chateau-de-pintray.com\/chambre-hote-amboise-lussault\/wp-json\/wp\/v2\/pages"}],"about":[{"href":"https:\/\/www.chateau-de-pintray.com\/chambre-hote-amboise-lussault\/wp-json\/wp\/v2\/types\/page"}],"author":[{"embeddable":true,"href":"https:\/\/www.chateau-de-pintray.com\/chambre-hote-amboise-lussault\/wp-json\/wp\/v2\/users\/1"}],"replies":[{"embeddable":true,"href":"https:\/\/www.chateau-de-pintray.com\/chambre-hote-amboise-lussault\/wp-json\/wp\/v2\/comments?post=287"}],"version-history":[{"count":24,"href":"https:\/\/www.chateau-de-pintray.com\/chambre-hote-amboise-lussault\/wp-json\/wp\/v2\/pages\/287\/revisions"}],"predecessor-version":[{"id":20527,"href":"https:\/\/www.chateau-de-pintray.com\/chambre-hote-amboise-lussault\/wp-json\/wp\/v2\/pages\/287\/revisions\/20527"}],"wp:attachment":[{"href":"https:\/\/www.chateau-de-pintray.com\/chambre-hote-amboise-lussault\/wp-json\/wp\/v2\/media?parent=287"}],"curies":[{"name":"wp","href":"https:\/\/api.w.org\/{rel}","templated":true}]}}